{"id":2,"date":"2016-02-03T04:08:41","date_gmt":"2016-02-03T04:08:41","guid":{"rendered":"http:\/\/wp442m.a10-52-158-154.qa.plesk.ru\/wordpress\/?page_id=2"},"modified":"2025-03-10T22:33:06","modified_gmt":"2025-03-10T21:33:06","slug":"sample-page","status":"publish","type":"page","link":"https:\/\/heimatverein.heiligenrode.de\/?page_id=2","title":{"rendered":"Der Heimatverein"},"content":{"rendered":"<p>Der Heimatverein stellt sich vor!<\/p>\n<p style=\"text-align: left;\">Gegr\u00fcndet wurde der Heimatverein Heiligenrode im April des Jahres 1961 w\u00e4hrend einer Versammlung im Klosterhof als \u201cVersch\u00f6nerungsverein\u201d. Zwischenzeitlich wurde daraus der \u201cVerein f\u00fcr Heimatpflege und Fremdenverkehr Heiligenrode e.V.\u201d und schlie\u00dflich der <strong>Heimatverein Heiligenrode e.V.<\/strong>, der damit im Jahr 2011 sein 50-j\u00e4hriges Bestehen feierte.<br \/>\nEs gibt also viel zu Berichten von den T\u00e4tigkeiten und Festivit\u00e4ten die der Heimatverein Heiligenrode ausge\u00fcbt und ausgerichtet hat.<br \/>\nHier\u00fcber und \u00fcber die aktuellen Anliegen in Heiligenrode und Umzu soll auf diesen Seiten berichtet werden.<\/p>\n<p><strong>Auf der Jahreshauptversammlung 2025 wurde der neue Vorstand gew\u00e4hlt:<\/strong><\/p>\n<p>1. Vorsitzende &#8211; Michaela Werner<br \/>\nStellvertreter &#8211; Ulrich Brauer<br \/>\nRechnungsf\u00fchrer &#8211; Bernd B\u00e4tjer<br \/>\nSchriftf\u00fchrerin &#8211; Karin Lowag<br \/>\nBeisitzerin &#8211; Viola Dahnken<br \/>\nBeisitzerin &#8211; Angela Wilken<br \/>\nBeisitzerin &#8211; Elke Wa\u00dfmann<br \/>\nBeisitzerin &#8211; Sonja Ohmstede<br \/>\nBeisitzer &#8211; Holger Sparenberg<\/p>\n<p>Der Vorstand freut sich auf die n\u00e4chsten drei Jahre!<\/p>\n<p>&nbsp;<\/p>\n","protected":false},"excerpt":{"rendered":"<p>Der Heimatverein stellt sich vor! Gegr\u00fcndet wurde der Heimatverein Heiligenrode im April des Jahres 1961 w\u00e4hrend einer Versammlung im Klosterhof als \u201cVersch\u00f6nerungsverein\u201d. Zwischenzeitlich wurde daraus der \u201cVerein f\u00fcr Heimatpflege und Fremdenverkehr Heiligenrode e.V.\u201d und schlie\u00dflich der Heimatverein Heiligenrode e.V., der &hellip; <a href=\"https:\/\/heimatverein.heiligenrode.de\/?page_id=2\">Weiterlesen <span class=\"meta-nav\">&rarr;<\/span><\/a><\/p>\n","protected":false},"author":4,"featured_media":0,"parent":0,"menu_order":0,"comment_status":"closed","ping_status":"closed","template":"","meta":{"footnotes":""},"class_list":["post-2","page","type-page","status-publish","hentry"],"_links":{"self":[{"href":"https:\/\/heimatverein.heiligenrode.de\/index.php?rest_route=\/wp\/v2\/pages\/2","targetHints":{"allow":["GET"]}}],"collection":[{"href":"https:\/\/heimatverein.heiligenrode.de\/index.php?rest_route=\/wp\/v2\/pages"}],"about":[{"href":"https:\/\/heimatverein.heiligenrode.de\/index.php?rest_route=\/wp\/v2\/types\/page"}],"author":[{"embeddable":true,"href":"https:\/\/heimatverein.heiligenrode.de\/index.php?rest_route=\/wp\/v2\/users\/4"}],"replies":[{"embeddable":true,"href":"https:\/\/heimatverein.heiligenrode.de\/index.php?rest_route=%2Fwp%2Fv2%2Fcomments&post=2"}],"version-history":[{"count":4,"href":"https:\/\/heimatverein.heiligenrode.de\/index.php?rest_route=\/wp\/v2\/pages\/2\/revisions"}],"predecessor-version":[{"id":1831,"href":"https:\/\/heimatverein.heiligenrode.de\/index.php?rest_route=\/wp\/v2\/pages\/2\/revisions\/1831"}],"wp:attachment":[{"href":"https:\/\/heimatverein.heiligenrode.de\/index.php?rest_route=%2Fwp%2Fv2%2Fmedia&parent=2"}],"curies":[{"name":"wp","href":"https:\/\/api.w.org\/{rel}","templated":true}]}}